{"id":9054,"date":"2025-10-31T16:18:53","date_gmt":"2025-10-31T16:18:53","guid":{"rendered":"https:\/\/casazaraza.ro\/?page_id=9054"},"modified":"2025-11-14T15:11:15","modified_gmt":"2025-11-14T15:11:15","slug":"evenimente-private","status":"publish","type":"page","link":"https:\/\/casazaraza.ro\/index.php\/evenimente-private\/","title":{"rendered":"Evenimente private"},"content":{"rendered":"\t\t<div data-elementor-type=\"wp-page\" data-elementor-id=\"9054\" class=\"elementor elementor-9054\">\n\t\t\t\t\t\t<section class=\"elementor-section elementor-top-section elementor-element elementor-element-4d56d881 qodef-elementor-content-grid elementor-section-boxed elementor-section-height-default elementor-section-height-default\" data-id=\"4d56d881\" data-element_type=\"section\" data-e-type=\"section\">\n\t\t\t\t\t\t<div class=\"elementor-container elementor-column-gap-default\">\n\t\t\t\t\t<div class=\"elementor-column elementor-col-50 elementor-top-column elementor-element elementor-element-41272336\" data-id=\"41272336\" data-element_type=\"column\" data-e-type=\"column\">\n\t\t\t<div class=\"elementor-widget-wrap elementor-element-populated\">\n\t\t\t\t\t\t<div class=\"elementor-element elementor-element-39c0b85f elementor-widget elementor-widget-blanquette_core_single_image\" data-id=\"39c0b85f\" data-element_type=\"widget\" data-e-type=\"widget\" data-widget_type=\"blanquette_core_single_image.default\">\n\t\t\t\t<div class=\"elementor-widget-container\">\n\t\t\t\t\t<div class=\"qodef-shortcode qodef-m qodef-single-image qodef-layout--default qodef-has-appear qodef-direction--from-left\" data-viewport-offset=\"0.1\">\n\t\t<div class=\"qodef-m-image\">\n\t\t\t\t\t<img fetchpriority=\"high\" decoding=\"async\" width=\"1920\" height=\"1226\" src=\"https:\/\/casazaraza.ro\/wp-content\/uploads\/2025\/11\/casa_zaraza_24.jpg\" class=\"attachment-full size-full\" alt=\"\" srcset=\"https:\/\/casazaraza.ro\/wp-content\/uploads\/2025\/11\/casa_zaraza_24.jpg 1920w, https:\/\/casazaraza.ro\/wp-content\/uploads\/2025\/11\/casa_zaraza_24-300x192.jpg 300w, https:\/\/casazaraza.ro\/wp-content\/uploads\/2025\/11\/casa_zaraza_24-1024x654.jpg 1024w, https:\/\/casazaraza.ro\/wp-content\/uploads\/2025\/11\/casa_zaraza_24-768x490.jpg 768w, https:\/\/casazaraza.ro\/wp-content\/uploads\/2025\/11\/casa_zaraza_24-1536x981.jpg 1536w\" sizes=\"(max-width: 1920px) 100vw, 1920px\" \/>\t\t\t<\/div>\n<\/div>\n\t\t\t\t<\/div>\n\t\t\t\t<\/div>\n\t\t\t\t\t<\/div>\n\t\t<\/div>\n\t\t\t\t<div class=\"elementor-column elementor-col-50 elementor-top-column elementor-element elementor-element-5b0586bb\" data-id=\"5b0586bb\" data-element_type=\"column\" data-e-type=\"column\">\n\t\t\t<div class=\"elementor-widget-wrap elementor-element-populated\">\n\t\t\t\t\t\t<div class=\"elementor-element elementor-element-79963285 elementor-widget elementor-widget-blanquette_core_section_title\" data-id=\"79963285\" data-element_type=\"widget\" data-e-type=\"widget\" data-widget_type=\"blanquette_core_section_title.default\">\n\t\t\t\t<div class=\"elementor-widget-container\">\n\t\t\t\t\t<div class=\"qodef-shortcode qodef-m qodef-section-title qodef-alignment--left\">\n\t\t<h6 class=\"qodef-m-subtitle\" style=\"margin-bottom: -3px\">Vrei ca evenimentul t\u0103u<\/h6>\r\n\t\t<h3 class=\"qodef-m-title\" >\n\t\t\t\t\ts\u0103 fie cu adev\u0103rat memorabil?\t\t\t<\/h3>\n\t\t<p class=\"qodef-m-section-text\" style=\"margin-top: 15px\">La Casa Zaraza, fiecare detaliu conteaz\u0103: de la decor elegant, muzic\u0103 live \u0219i b\u0103uturi premium, p\u00e2n\u0103 la preparate tradi\u021bionale reinterpretate care \u00ee\u021bi \u00eenc\u00e2nt\u0103 papilele gustative.<\/p>\n\t\t<div class=\"qodef-m-button\">\r\n\t\t<a class=\"qodef-shortcode qodef-m qodef-button qodef-layout--outlined qodef-html--link\" href=\"tel:+40737021215\" target=\"_self\"  >\t<span class=\"qodef-m-text\">Contacteaz\u0103-ne<\/span><\/a>\t<\/div>\r\n<\/div>\n\t\t\t\t<\/div>\n\t\t\t\t<\/div>\n\t\t\t\t\t<\/div>\n\t\t<\/div>\n\t\t\t\t\t<\/div>\n\t\t<\/section>\n\t\t\t\t<section class=\"elementor-section elementor-top-section elementor-element elementor-element-50952e97 qodef-elementor-content-grid elementor-section-boxed elementor-section-height-default elementor-section-height-default\" data-id=\"50952e97\" data-element_type=\"section\" data-e-type=\"section\">\n\t\t\t\t\t\t<div class=\"elementor-container elementor-column-gap-default\">\n\t\t\t\t\t<div class=\"elementor-column elementor-col-50 elementor-top-column elementor-element elementor-element-5cbc4ba1\" data-id=\"5cbc4ba1\" data-element_type=\"column\" data-e-type=\"column\">\n\t\t\t<div class=\"elementor-widget-wrap elementor-element-populated\">\n\t\t\t\t\t\t<div class=\"elementor-element elementor-element-3451c3d6 elementor-widget elementor-widget-blanquette_core_section_title\" data-id=\"3451c3d6\" data-element_type=\"widget\" data-e-type=\"widget\" data-widget_type=\"blanquette_core_section_title.default\">\n\t\t\t\t<div class=\"elementor-widget-container\">\n\t\t\t\t\t<div class=\"qodef-shortcode qodef-m qodef-section-title qodef-alignment--left\">\n\t\t\t\t<p class=\"qodef-m-section-text\" style=\"margin-top: 15px\">Fie c\u0103 e o aniversare, un botez sau o cin\u0103 special\u0103, noi transform\u0103m ocazia ta \u00eentr-o experien\u021b\u0103 unic\u0103 \u0219i de poveste.<\/p>\n\t<\/div>\n\t\t\t\t<\/div>\n\t\t\t\t<\/div>\n\t\t\t\t\t<\/div>\n\t\t<\/div>\n\t\t\t\t<div class=\"elementor-column elementor-col-50 elementor-top-column elementor-element elementor-element-5c584142\" data-id=\"5c584142\" data-element_type=\"column\" data-e-type=\"column\">\n\t\t\t<div class=\"elementor-widget-wrap elementor-element-populated\">\n\t\t\t\t\t\t<div class=\"elementor-element elementor-element-63e7f8b1 elementor-widget elementor-widget-blanquette_core_single_image\" data-id=\"63e7f8b1\" data-element_type=\"widget\" data-e-type=\"widget\" data-widget_type=\"blanquette_core_single_image.default\">\n\t\t\t\t<div class=\"elementor-widget-container\">\n\t\t\t\t\t<div class=\"qodef-shortcode qodef-m qodef-single-image qodef-layout--default qodef-has-appear qodef-direction--from-right\" data-viewport-offset=\"0.1\">\n\t\t<div class=\"qodef-m-image\">\n\t\t\t\t\t<img decoding=\"async\" width=\"1920\" height=\"1226\" src=\"https:\/\/casazaraza.ro\/wp-content\/uploads\/2025\/11\/casa_zaraza_25.jpg\" class=\"attachment-full size-full\" alt=\"\" srcset=\"https:\/\/casazaraza.ro\/wp-content\/uploads\/2025\/11\/casa_zaraza_25.jpg 1920w, https:\/\/casazaraza.ro\/wp-content\/uploads\/2025\/11\/casa_zaraza_25-300x192.jpg 300w, https:\/\/casazaraza.ro\/wp-content\/uploads\/2025\/11\/casa_zaraza_25-1024x654.jpg 1024w, https:\/\/casazaraza.ro\/wp-content\/uploads\/2025\/11\/casa_zaraza_25-768x490.jpg 768w, https:\/\/casazaraza.ro\/wp-content\/uploads\/2025\/11\/casa_zaraza_25-1536x981.jpg 1536w\" sizes=\"(max-width: 1920px) 100vw, 1920px\" \/>\t\t\t<\/div>\n<\/div>\n\t\t\t\t<\/div>\n\t\t\t\t<\/div>\n\t\t\t\t\t<\/div>\n\t\t<\/div>\n\t\t\t\t\t<\/div>\n\t\t<\/section>\n\t\t\t\t<section class=\"elementor-section elementor-top-section elementor-element elementor-element-7f62dc85 qodef-elementor-content-grid elementor-section-boxed elementor-section-height-default elementor-section-height-default\" data-id=\"7f62dc85\" data-element_type=\"section\" data-e-type=\"section\">\n\t\t\t\t\t\t<div class=\"elementor-container elementor-column-gap-default\">\n\t\t\t\t\t<div class=\"elementor-column elementor-col-50 elementor-top-column elementor-element elementor-element-678cb518\" data-id=\"678cb518\" data-element_type=\"column\" data-e-type=\"column\">\n\t\t\t<div class=\"elementor-widget-wrap elementor-element-populated\">\n\t\t\t\t\t\t<div class=\"elementor-element elementor-element-6fbb2d97 elementor-widget elementor-widget-blanquette_core_single_image\" data-id=\"6fbb2d97\" data-element_type=\"widget\" data-e-type=\"widget\" data-widget_type=\"blanquette_core_single_image.default\">\n\t\t\t\t<div class=\"elementor-widget-container\">\n\t\t\t\t\t<div class=\"qodef-shortcode qodef-m qodef-single-image qodef-layout--default qodef-has-appear qodef-direction--from-left\" data-viewport-offset=\"0.1\">\n\t\t<div class=\"qodef-m-image\">\n\t\t\t\t\t<img decoding=\"async\" width=\"1920\" height=\"1226\" src=\"https:\/\/casazaraza.ro\/wp-content\/uploads\/2025\/11\/casa_zaraza_26.jpg\" class=\"attachment-full size-full\" alt=\"\" srcset=\"https:\/\/casazaraza.ro\/wp-content\/uploads\/2025\/11\/casa_zaraza_26.jpg 1920w, https:\/\/casazaraza.ro\/wp-content\/uploads\/2025\/11\/casa_zaraza_26-300x192.jpg 300w, https:\/\/casazaraza.ro\/wp-content\/uploads\/2025\/11\/casa_zaraza_26-1024x654.jpg 1024w, https:\/\/casazaraza.ro\/wp-content\/uploads\/2025\/11\/casa_zaraza_26-768x490.jpg 768w, https:\/\/casazaraza.ro\/wp-content\/uploads\/2025\/11\/casa_zaraza_26-1536x981.jpg 1536w\" sizes=\"(max-width: 1920px) 100vw, 1920px\" \/>\t\t\t<\/div>\n<\/div>\n\t\t\t\t<\/div>\n\t\t\t\t<\/div>\n\t\t\t\t\t<\/div>\n\t\t<\/div>\n\t\t\t\t<div class=\"elementor-column elementor-col-50 elementor-top-column elementor-element elementor-element-1c4dbbb\" data-id=\"1c4dbbb\" data-element_type=\"column\" data-e-type=\"column\">\n\t\t\t<div class=\"elementor-widget-wrap elementor-element-populated\">\n\t\t\t\t\t\t<div class=\"elementor-element elementor-element-7006f81f elementor-widget elementor-widget-blanquette_core_section_title\" data-id=\"7006f81f\" data-element_type=\"widget\" data-e-type=\"widget\" data-widget_type=\"blanquette_core_section_title.default\">\n\t\t\t\t<div class=\"elementor-widget-container\">\n\t\t\t\t\t<div class=\"qodef-shortcode qodef-m qodef-section-title qodef-alignment--left\">\n\t\t\t\t<p class=\"qodef-m-section-text\" style=\"margin-top: 15px\">Rezerv\u0103 acum \u0219i las\u0103-ne pe noi s\u0103 facem magia! Petrecerile nu se uit\u0103 \u2014 ele devin amintiri de povestit.<\/p>\n\t\t<div class=\"qodef-m-button\">\r\n\t\t<a class=\"qodef-shortcode qodef-m qodef-button qodef-layout--outlined qodef-html--link\" href=\"tel:+40737021215\" target=\"_self\"  >\t<span class=\"qodef-m-text\">Sun\u0103 acum<\/span><\/a>\t<\/div>\r\n<\/div>\n\t\t\t\t<\/div>\n\t\t\t\t<\/div>\n\t\t\t\t\t<\/div>\n\t\t<\/div>\n\t\t\t\t\t<\/div>\n\t\t<\/section>\n\t\t\t\t<\/div>\n\t\t","protected":false},"excerpt":{"rendered":"<p>Vrei ca evenimentul t\u0103u s\u0103 fie cu adev\u0103rat memorabil? La Casa Zaraza, fiecare detaliu conteaz\u0103: de la decor elegant, muzic\u0103 live \u0219i b\u0103uturi premium, p\u00e2n\u0103 la preparate tradi\u021bionale reinterpretate care \u00ee\u021bi \u00eenc\u00e2nt\u0103 papilele gustative. Contacteaz\u0103-ne Fie c\u0103 e o aniversare, un botez sau o cin\u0103 special\u0103, noi transform\u0103m ocazia ta \u00eentr-o experien\u021b\u0103 unic\u0103 \u0219i de [&hellip;]<\/p>\n","protected":false},"author":1,"featured_media":0,"parent":0,"menu_order":0,"comment_status":"closed","ping_status":"closed","template":"","meta":{"footnotes":""},"class_list":["post-9054","page","type-page","status-publish","hentry"],"_links":{"self":[{"href":"https:\/\/casazaraza.ro\/index.php\/wp-json\/wp\/v2\/pages\/9054","targetHints":{"allow":["GET"]}}],"collection":[{"href":"https:\/\/casazaraza.ro\/index.php\/wp-json\/wp\/v2\/pages"}],"about":[{"href":"https:\/\/casazaraza.ro\/index.php\/wp-json\/wp\/v2\/types\/page"}],"author":[{"embeddable":true,"href":"https:\/\/casazaraza.ro\/index.php\/wp-json\/wp\/v2\/users\/1"}],"replies":[{"embeddable":true,"href":"https:\/\/casazaraza.ro\/index.php\/wp-json\/wp\/v2\/comments?post=9054"}],"version-history":[{"count":13,"href":"https:\/\/casazaraza.ro\/index.php\/wp-json\/wp\/v2\/pages\/9054\/revisions"}],"predecessor-version":[{"id":9250,"href":"https:\/\/casazaraza.ro\/index.php\/wp-json\/wp\/v2\/pages\/9054\/revisions\/9250"}],"wp:attachment":[{"href":"https:\/\/casazaraza.ro\/index.php\/wp-json\/wp\/v2\/media?parent=9054"}],"curies":[{"name":"wp","href":"https:\/\/api.w.org\/{rel}","templated":true}]}}