{"id":3445,"date":"2021-09-29T06:29:48","date_gmt":"2021-09-29T06:29:48","guid":{"rendered":"https:\/\/blanquette.qodeinteractive.com\/?page_id=3445"},"modified":"2025-11-22T13:19:19","modified_gmt":"2025-11-22T13:19:19","slug":"legenda-zarazei","status":"publish","type":"page","link":"https:\/\/casazaraza.ro\/index.php\/legenda-zarazei\/","title":{"rendered":"Legenda Zarazei"},"content":{"rendered":"\t\t<div data-elementor-type=\"wp-page\" data-elementor-id=\"3445\" class=\"elementor elementor-3445\">\n\t\t\t\t\t\t<section class=\"elementor-section elementor-top-section elementor-element elementor-element-e8b1314 qodef-elementor-content-grid elementor-section-boxed elementor-section-height-default elementor-section-height-default\" data-id=\"e8b1314\" data-element_type=\"section\" data-e-type=\"section\">\n\t\t\t\t\t\t<div class=\"elementor-container elementor-column-gap-default\">\n\t\t\t\t\t<div class=\"elementor-column elementor-col-50 elementor-top-column elementor-element elementor-element-1c3ed09\" data-id=\"1c3ed09\" data-element_type=\"column\" data-e-type=\"column\">\n\t\t\t<div class=\"elementor-widget-wrap elementor-element-populated\">\n\t\t\t\t\t\t<div class=\"elementor-element elementor-element-9a979cd elementor-widget elementor-widget-blanquette_core_single_image\" data-id=\"9a979cd\" data-element_type=\"widget\" data-e-type=\"widget\" data-widget_type=\"blanquette_core_single_image.default\">\n\t\t\t\t<div class=\"elementor-widget-container\">\n\t\t\t\t\t<div class=\"qodef-shortcode qodef-m qodef-single-image qodef-layout--default qodef-has-appear qodef-direction--from-left\" data-viewport-offset=\"0.1\">\n\t\t<div class=\"qodef-m-image\">\n\t\t\t\t\t<img fetchpriority=\"high\" decoding=\"async\" width=\"1990\" height=\"1134\" src=\"https:\/\/casazaraza.ro\/wp-content\/uploads\/2025\/11\/casa_zaraza_banner_principal_3_2.jpg\" class=\"attachment-full size-full\" alt=\"\" srcset=\"https:\/\/casazaraza.ro\/wp-content\/uploads\/2025\/11\/casa_zaraza_banner_principal_3_2.jpg 1990w, https:\/\/casazaraza.ro\/wp-content\/uploads\/2025\/11\/casa_zaraza_banner_principal_3_2-300x171.jpg 300w, https:\/\/casazaraza.ro\/wp-content\/uploads\/2025\/11\/casa_zaraza_banner_principal_3_2-1024x584.jpg 1024w, https:\/\/casazaraza.ro\/wp-content\/uploads\/2025\/11\/casa_zaraza_banner_principal_3_2-768x438.jpg 768w, https:\/\/casazaraza.ro\/wp-content\/uploads\/2025\/11\/casa_zaraza_banner_principal_3_2-1536x875.jpg 1536w\" sizes=\"(max-width: 1990px) 100vw, 1990px\" \/>\t\t\t<\/div>\n<\/div>\n\t\t\t\t<\/div>\n\t\t\t\t<\/div>\n\t\t\t\t\t<\/div>\n\t\t<\/div>\n\t\t\t\t<div class=\"elementor-column elementor-col-50 elementor-top-column elementor-element elementor-element-8dbede1\" data-id=\"8dbede1\" data-element_type=\"column\" data-e-type=\"column\">\n\t\t\t<div class=\"elementor-widget-wrap elementor-element-populated\">\n\t\t\t\t\t\t<div class=\"elementor-element elementor-element-c7d91ba elementor-widget elementor-widget-blanquette_core_section_title\" data-id=\"c7d91ba\" data-element_type=\"widget\" data-e-type=\"widget\" data-widget_type=\"blanquette_core_section_title.default\">\n\t\t\t\t<div class=\"elementor-widget-container\">\n\t\t\t\t\t<div class=\"qodef-shortcode qodef-m qodef-section-title qodef-alignment--left\">\n\t\t<h6 class=\"qodef-m-subtitle\" style=\"margin-bottom: -3px\">\u00cen inima Bucure\u0219tiului<\/h6>\r\n\t\t<h3 class=\"qodef-m-title\" >\n\t\t\t\t\tla Pia\u021ba Roman\u0103\t\t\t<\/h3>\n\t\t<p class=\"qodef-m-section-text\" style=\"margin-top: 15px\">se ridic\u0103 o cas\u0103 cu suflet vechi \u0219i pere\u021bi care au auzit \u0219oapte, r\u00e2sete \u0219i dest\u0103inuiri de alt\u0103dat\u0103. Construit la \u00eenceputul secolului XX, fostul Palat Angelescu a fost martorul unei epoci de aur \u2013 baluri elegante, discu\u021bii politice aprinse \u0219i iubiri interzise. Dar \u00eentr-o noapte de toamn\u0103, \u00eentr-un Bucure\u0219ti \u00eenv\u0103luit de parfum de tei \u0219i fum de \u021bigar\u0103, casa \u0219i-a schimbat destinul pentru totdeauna.<\/p>\n\t<\/div>\n\t\t\t\t<\/div>\n\t\t\t\t<\/div>\n\t\t\t\t\t<\/div>\n\t\t<\/div>\n\t\t\t\t\t<\/div>\n\t\t<\/section>\n\t\t\t\t<section class=\"elementor-section elementor-top-section elementor-element elementor-element-e4d1fe5 qodef-elementor-content-grid elementor-section-boxed elementor-section-height-default elementor-section-height-default\" data-id=\"e4d1fe5\" data-element_type=\"section\" data-e-type=\"section\">\n\t\t\t\t\t\t<div class=\"elementor-container elementor-column-gap-default\">\n\t\t\t\t\t<div class=\"elementor-column elementor-col-50 elementor-top-column elementor-element elementor-element-5cecb39\" data-id=\"5cecb39\" data-element_type=\"column\" data-e-type=\"column\">\n\t\t\t<div class=\"elementor-widget-wrap elementor-element-populated\">\n\t\t\t\t\t\t<div class=\"elementor-element elementor-element-e04ad97 elementor-widget elementor-widget-blanquette_core_section_title\" data-id=\"e04ad97\" data-element_type=\"widget\" data-e-type=\"widget\" data-widget_type=\"blanquette_core_section_title.default\">\n\t\t\t\t<div class=\"elementor-widget-container\">\n\t\t\t\t\t<div class=\"qodef-shortcode qodef-m qodef-section-title qodef-alignment--left\">\n\t\t<h6 class=\"qodef-m-subtitle\" style=\"margin-bottom: -3px\">Se spune c\u0103<\/h6>\r\n\t\t<h3 class=\"qodef-m-title\" >\n\t\t\t\t\t\u00eentr-una dintre serile\t\t\t<\/h3>\n\t\t<p class=\"qodef-m-section-text\" style=\"margin-top: 15px\">\u00een care elitele ora\u0219ului se adunau la conac pentru dineuri \u0219i muzic\u0103 live, a ap\u0103rut ea: o femeie necunoscut\u0103, cu ochi \u00eentuneca\u021bi ca miezul nop\u021bii \u0219i mers domol ca o melodie de tango. Purta o rochie ro\u0219ie, iar \u00een jurul ei plutea o t\u0103cere grea, ca \u00eenaintea furtunii. Nimeni nu \u0219tia de unde a venit. To\u021bi o numeau simplu \u2013 Zaraza.\nEra ca un c\u00e2ntec pe care nu-l po\u021bi uita.\n<\/p>\n\t<\/div>\n\t\t\t\t<\/div>\n\t\t\t\t<\/div>\n\t\t\t\t\t<\/div>\n\t\t<\/div>\n\t\t\t\t<div class=\"elementor-column elementor-col-50 elementor-top-column elementor-element elementor-element-9553f8c elementor-hidden-desktop elementor-hidden-tablet elementor-hidden-mobile\" data-id=\"9553f8c\" data-element_type=\"column\" data-e-type=\"column\">\n\t\t\t<div class=\"elementor-widget-wrap elementor-element-populated\">\n\t\t\t\t\t\t<div class=\"elementor-element elementor-element-07ae9ce elementor-widget elementor-widget-blanquette_core_single_image\" data-id=\"07ae9ce\" data-element_type=\"widget\" data-e-type=\"widget\" data-widget_type=\"blanquette_core_single_image.default\">\n\t\t\t\t<div class=\"elementor-widget-container\">\n\t\t\t\t\t<div class=\"qodef-shortcode qodef-m qodef-single-image qodef-layout--default qodef-has-appear qodef-direction--from-right\" data-viewport-offset=\"0.1\">\n\t\t<div class=\"qodef-m-image\">\n\t\t\t\t\t<img decoding=\"async\" width=\"1530\" height=\"1100\" src=\"https:\/\/casazaraza.ro\/wp-content\/uploads\/2025\/11\/casa_zaraza_banner_principal_9.jpg\" class=\"attachment-full size-full\" alt=\"\" srcset=\"https:\/\/casazaraza.ro\/wp-content\/uploads\/2025\/11\/casa_zaraza_banner_principal_9.jpg 1530w, https:\/\/casazaraza.ro\/wp-content\/uploads\/2025\/11\/casa_zaraza_banner_principal_9-300x216.jpg 300w, https:\/\/casazaraza.ro\/wp-content\/uploads\/2025\/11\/casa_zaraza_banner_principal_9-1024x736.jpg 1024w, https:\/\/casazaraza.ro\/wp-content\/uploads\/2025\/11\/casa_zaraza_banner_principal_9-768x552.jpg 768w\" sizes=\"(max-width: 1530px) 100vw, 1530px\" \/>\t\t\t<\/div>\n<\/div>\n\t\t\t\t<\/div>\n\t\t\t\t<\/div>\n\t\t\t\t\t<\/div>\n\t\t<\/div>\n\t\t\t\t\t<\/div>\n\t\t<\/section>\n\t\t\t\t<section class=\"elementor-section elementor-top-section elementor-element elementor-element-c3fe706 qodef-elementor-content-grid elementor-section-boxed elementor-section-height-default elementor-section-height-default\" data-id=\"c3fe706\" data-element_type=\"section\" data-e-type=\"section\">\n\t\t\t\t\t\t<div class=\"elementor-container elementor-column-gap-default\">\n\t\t\t\t\t<div class=\"elementor-column elementor-col-50 elementor-top-column elementor-element elementor-element-c5ea4c5\" data-id=\"c5ea4c5\" data-element_type=\"column\" data-e-type=\"column\">\n\t\t\t<div class=\"elementor-widget-wrap elementor-element-populated\">\n\t\t\t\t\t\t<div class=\"elementor-element elementor-element-770702e elementor-widget elementor-widget-blanquette_core_single_image\" data-id=\"770702e\" data-element_type=\"widget\" data-e-type=\"widget\" data-widget_type=\"blanquette_core_single_image.default\">\n\t\t\t\t<div class=\"elementor-widget-container\">\n\t\t\t\t\t<div class=\"qodef-shortcode qodef-m qodef-single-image qodef-layout--default qodef-has-appear qodef-direction--from-left\" data-viewport-offset=\"0.1\">\n\t\t<div class=\"qodef-m-image\">\n\t\t\t\t\t<img decoding=\"async\" width=\"1920\" height=\"1280\" src=\"https:\/\/casazaraza.ro\/wp-content\/uploads\/2025\/11\/casa_zaraza_banner_principal_10.jpg\" class=\"attachment-full size-full\" alt=\"\" srcset=\"https:\/\/casazaraza.ro\/wp-content\/uploads\/2025\/11\/casa_zaraza_banner_principal_10.jpg 1920w, https:\/\/casazaraza.ro\/wp-content\/uploads\/2025\/11\/casa_zaraza_banner_principal_10-300x200.jpg 300w, https:\/\/casazaraza.ro\/wp-content\/uploads\/2025\/11\/casa_zaraza_banner_principal_10-1024x683.jpg 1024w, https:\/\/casazaraza.ro\/wp-content\/uploads\/2025\/11\/casa_zaraza_banner_principal_10-768x512.jpg 768w, https:\/\/casazaraza.ro\/wp-content\/uploads\/2025\/11\/casa_zaraza_banner_principal_10-1536x1024.jpg 1536w\" sizes=\"(max-width: 1920px) 100vw, 1920px\" \/>\t\t\t<\/div>\n<\/div>\n\t\t\t\t<\/div>\n\t\t\t\t<\/div>\n\t\t\t\t\t<\/div>\n\t\t<\/div>\n\t\t\t\t<div class=\"elementor-column elementor-col-50 elementor-top-column elementor-element elementor-element-cc0644f\" data-id=\"cc0644f\" data-element_type=\"column\" data-e-type=\"column\">\n\t\t\t<div class=\"elementor-widget-wrap elementor-element-populated\">\n\t\t\t\t\t\t<div class=\"elementor-element elementor-element-cfdcd6e elementor-widget elementor-widget-blanquette_core_section_title\" data-id=\"cfdcd6e\" data-element_type=\"widget\" data-e-type=\"widget\" data-widget_type=\"blanquette_core_section_title.default\">\n\t\t\t\t<div class=\"elementor-widget-container\">\n\t\t\t\t\t<div class=\"qodef-shortcode qodef-m qodef-section-title qodef-alignment--left\">\n\t\t<h6 class=\"qodef-m-subtitle\" style=\"margin-bottom: -3px\">Se \u00eendr\u0103gosteau<\/h6>\r\n\t\t<h3 class=\"qodef-m-title\" >\n\t\t\t\t\tde ea poe\u021bi\t\t\t<\/h3>\n\t\t<p class=\"qodef-m-section-text\" style=\"margin-top: 15px\">ofi\u021beri, muzicieni. Unul a scris despre ea versuri pe \u0219erve\u021bele de m\u0103tase, altul i-a jurat dragoste cu un pistol pe mas\u0103. P\u00e2n\u0103 \u0219i c\u00e2nt\u0103re\u021bul Cristian Vasile, se spune, a cunoscut-o aici, \u00een acea noapte fermecat\u0103. \u0218i a\u0219a s-a n\u0103scut melodia \u201eZaraza\u201d \u2013 un c\u00e2ntec despre dor, pasiune \u0219i un amor care mistuie. Dar Zaraza n-a fost doar o muz\u0103. A fost un mister care a lasat in urma decat o intrebare : a existat cu adevarat, sau a fost doar o himera nascuta din dor?<\/p>\n\t<\/div>\n\t\t\t\t<\/div>\n\t\t\t\t<\/div>\n\t\t\t\t\t<\/div>\n\t\t<\/div>\n\t\t\t\t\t<\/div>\n\t\t<\/section>\n\t\t\t\t<section class=\"elementor-section elementor-top-section elementor-element elementor-element-de54493 qodef-elementor-content-grid elementor-section-boxed elementor-section-height-default elementor-section-height-default\" data-id=\"de54493\" data-element_type=\"section\" data-e-type=\"section\">\n\t\t\t\t\t\t<div class=\"elementor-container elementor-column-gap-default\">\n\t\t\t\t\t<div class=\"elementor-column elementor-col-50 elementor-top-column elementor-element elementor-element-d6bd0a7\" data-id=\"d6bd0a7\" data-element_type=\"column\" data-e-type=\"column\">\n\t\t\t<div class=\"elementor-widget-wrap elementor-element-populated\">\n\t\t\t\t\t\t<div class=\"elementor-element elementor-element-74b004f elementor-widget elementor-widget-blanquette_core_section_title\" data-id=\"74b004f\" data-element_type=\"widget\" data-e-type=\"widget\" data-widget_type=\"blanquette_core_section_title.default\">\n\t\t\t\t<div class=\"elementor-widget-container\">\n\t\t\t\t\t<div class=\"qodef-shortcode qodef-m qodef-section-title qodef-alignment--left\">\n\t\t<h6 class=\"qodef-m-subtitle\" style=\"margin-bottom: -3px\">Poate c\u0103<\/h6>\r\n\t\t<h3 class=\"qodef-m-title\" >\n\t\t\t\t\tZaraza n-a plecat niciodat\u0103\t\t\t<\/h3>\n\t\t<p class=\"qodef-m-section-text\" style=\"margin-top: 15px\">Poate c\u0103 legenda ei a a\u0219teptat doar clipa potrivit\u0103 s\u0103 revin\u0103 la via\u021b\u0103. Ast\u0103zi, \u00een inima Bucure\u0219tiului, Casa Zaraza nu e doar un loc \u2013 e o promisiune: c\u0103 magia exist\u0103, c\u0103 iubirea d\u0103inuie, \u0219i c\u0103 pove\u0219tile nespuse nu mor niciodat\u0103.<\/p>\n\t<\/div>\n\t\t\t\t<\/div>\n\t\t\t\t<\/div>\n\t\t\t\t\t<\/div>\n\t\t<\/div>\n\t\t\t\t<div class=\"elementor-column elementor-col-50 elementor-top-column elementor-element elementor-element-7a7803b\" data-id=\"7a7803b\" data-element_type=\"column\" data-e-type=\"column\">\n\t\t\t<div class=\"elementor-widget-wrap elementor-element-populated\">\n\t\t\t\t\t\t<div class=\"elementor-element elementor-element-9f49d32 elementor-widget elementor-widget-blanquette_core_single_image\" data-id=\"9f49d32\" data-element_type=\"widget\" data-e-type=\"widget\" data-widget_type=\"blanquette_core_single_image.default\">\n\t\t\t\t<div class=\"elementor-widget-container\">\n\t\t\t\t\t<div class=\"qodef-shortcode qodef-m qodef-single-image qodef-layout--default qodef-has-appear qodef-direction--from-right\" data-viewport-offset=\"0.1\">\n\t\t<div class=\"qodef-m-image\">\n\t\t\t\t\t<img loading=\"lazy\" decoding=\"async\" width=\"1990\" height=\"1134\" src=\"https:\/\/casazaraza.ro\/wp-content\/uploads\/2025\/11\/casa_zaraza_banner_principal_2.jpg\" class=\"attachment-full size-full\" alt=\"\" srcset=\"https:\/\/casazaraza.ro\/wp-content\/uploads\/2025\/11\/casa_zaraza_banner_principal_2.jpg 1990w, https:\/\/casazaraza.ro\/wp-content\/uploads\/2025\/11\/casa_zaraza_banner_principal_2-300x171.jpg 300w, https:\/\/casazaraza.ro\/wp-content\/uploads\/2025\/11\/casa_zaraza_banner_principal_2-1024x584.jpg 1024w, https:\/\/casazaraza.ro\/wp-content\/uploads\/2025\/11\/casa_zaraza_banner_principal_2-768x438.jpg 768w, https:\/\/casazaraza.ro\/wp-content\/uploads\/2025\/11\/casa_zaraza_banner_principal_2-1536x875.jpg 1536w\" sizes=\"(max-width: 1990px) 100vw, 1990px\" \/>\t\t\t<\/div>\n<\/div>\n\t\t\t\t<\/div>\n\t\t\t\t<\/div>\n\t\t\t\t\t<\/div>\n\t\t<\/div>\n\t\t\t\t\t<\/div>\n\t\t<\/section>\n\t\t\t\t<\/div>\n\t\t","protected":false},"excerpt":{"rendered":"<p>\u00cen inima Bucure\u0219tiului la Pia\u021ba Roman\u0103 se ridic\u0103 o cas\u0103 cu suflet vechi \u0219i pere\u021bi care au auzit \u0219oapte, r\u00e2sete \u0219i dest\u0103inuiri de alt\u0103dat\u0103. Construit la \u00eenceputul secolului XX, fostul Palat Angelescu a fost martorul unei epoci de aur \u2013 baluri elegante, discu\u021bii politice aprinse \u0219i iubiri interzise. Dar \u00eentr-o noapte de toamn\u0103, \u00eentr-un Bucure\u0219ti [&hellip;]<\/p>\n","protected":false},"author":1,"featured_media":0,"parent":0,"menu_order":0,"comment_status":"closed","ping_status":"closed","template":"page-full-width.php","meta":{"footnotes":""},"class_list":["post-3445","page","type-page","status-publish","hentry"],"_links":{"self":[{"href":"https:\/\/casazaraza.ro\/index.php\/wp-json\/wp\/v2\/pages\/3445","targetHints":{"allow":["GET"]}}],"collection":[{"href":"https:\/\/casazaraza.ro\/index.php\/wp-json\/wp\/v2\/pages"}],"about":[{"href":"https:\/\/casazaraza.ro\/index.php\/wp-json\/wp\/v2\/types\/page"}],"author":[{"embeddable":true,"href":"https:\/\/casazaraza.ro\/index.php\/wp-json\/wp\/v2\/users\/1"}],"replies":[{"embeddable":true,"href":"https:\/\/casazaraza.ro\/index.php\/wp-json\/wp\/v2\/comments?post=3445"}],"version-history":[{"count":15,"href":"https:\/\/casazaraza.ro\/index.php\/wp-json\/wp\/v2\/pages\/3445\/revisions"}],"predecessor-version":[{"id":9275,"href":"https:\/\/casazaraza.ro\/index.php\/wp-json\/wp\/v2\/pages\/3445\/revisions\/9275"}],"wp:attachment":[{"href":"https:\/\/casazaraza.ro\/index.php\/wp-json\/wp\/v2\/media?parent=3445"}],"curies":[{"name":"wp","href":"https:\/\/api.w.org\/{rel}","templated":true}]}}