{"id":2574,"date":"2021-09-24T13:22:11","date_gmt":"2021-09-24T13:22:11","guid":{"rendered":"https:\/\/blanquette.qodeinteractive.com\/?page_id=2574"},"modified":"2025-11-04T15:40:51","modified_gmt":"2025-11-04T15:40:51","slug":"rezerva-o-masa","status":"publish","type":"page","link":"https:\/\/casazaraza.ro\/index.php\/rezerva-o-masa\/","title":{"rendered":"Rezerv\u0103 o mas\u0103"},"content":{"rendered":"\t\t<div data-elementor-type=\"wp-page\" data-elementor-id=\"2574\" class=\"elementor elementor-2574\">\n\t\t\t\t\t\t<section class=\"elementor-section elementor-top-section elementor-element elementor-element-ed19bd8 qodef-elementor-content-grid elementor-section-boxed elementor-section-height-default elementor-section-height-default\" data-id=\"ed19bd8\" data-element_type=\"section\" data-e-type=\"section\">\n\t\t\t\t\t\t<div class=\"elementor-container elementor-column-gap-default\">\n\t\t\t\t\t<div class=\"elementor-column elementor-col-100 elementor-top-column elementor-element elementor-element-f950b16\" data-id=\"f950b16\" data-element_type=\"column\" data-e-type=\"column\">\n\t\t\t<div class=\"elementor-widget-wrap elementor-element-populated\">\n\t\t\t\t\t\t<div class=\"elementor-element elementor-element-d8333b9 elementor-widget elementor-widget-blanquette_core_section_title\" data-id=\"d8333b9\" data-element_type=\"widget\" data-e-type=\"widget\" data-widget_type=\"blanquette_core_section_title.default\">\n\t\t\t\t<div class=\"elementor-widget-container\">\n\t\t\t\t\t<div class=\"qodef-shortcode qodef-m qodef-section-title qodef-alignment--center\">\n\t\t<h6 class=\"qodef-m-subtitle\" style=\"margin-bottom: -3px\">Rezerv\u0103 o mas\u0103 la<\/h6>\r\n\t\t<h3 class=\"qodef-m-title\" >\n\t\t\t\t\tCasa Zaraza\t\t\t<\/h3>\n\t\t<\/div>\n\t\t\t\t<\/div>\n\t\t\t\t<\/div>\n\t\t\t\t<div class=\"elementor-element elementor-element-9de98d6 elementor-widget elementor-widget-text-editor\" data-id=\"9de98d6\" data-element_type=\"widget\" data-e-type=\"widget\" data-widget_type=\"text-editor.default\">\n\t\t\t\t\t\t\t\t\t<p>Fiecare vizit\u0103 la Casa Zaraza este mai mult dec\u00e2t o simpl\u0103 mas\u0103 \u2013 este o c\u0103l\u0103torie \u00een timp, \u00een inima Bucure\u0219tiului interbelic, unde tradi\u021bia rom\u00e2neasc\u0103 se \u00eemplete\u0219te cu rafinamentul modern. Fie c\u0103 dore\u0219ti s\u0103 te bucuri de o cin\u0103 intim\u0103, un pr\u00e2nz relaxat sau o sear\u0103 \u00eentre prieteni, fiecare detaliu este g\u00e2ndit s\u0103 transforme momentul \u00eentr-o experien\u021b\u0103 memorabil\u0103.<br \/>Rezervarea unei mese este simpl\u0103 \u0219i rapid\u0103: completeaz\u0103 formularul nostru, alege data \u0219i ora dorit\u0103 \u0219i preg\u0103te\u0219te-te s\u0103 te bucuri de gust, muzic\u0103 \u0219i atmosfer\u0103 unic\u0103.<br \/>\u00ce\u021bi recomand\u0103m s\u0103 faci rezervarea din timp, mai ales pentru serile tematice sau weekend, pentru a te asigura c\u0103 experien\u021ba Zaraza te a\u0219teapt\u0103 \u00een cele mai bune condi\u021bii.<\/p><p>\ud83c\udf77 Tradi\u021bie rom\u00e2neasc\u0103, gusturi din lume \u0219i momente de neuitat \u2014 totul la Casa Zaraza.<\/p>\t\t\t\t\t\t\t\t<\/div>\n\t\t\t\t\t<\/div>\n\t\t<\/div>\n\t\t\t\t\t<\/div>\n\t\t<\/section>\n\t\t\t\t<section class=\"elementor-section elementor-top-section elementor-element elementor-element-8992d82 qodef-elementor-content-grid elementor-section-boxed elementor-section-height-default elementor-section-height-default\" data-id=\"8992d82\" data-element_type=\"section\" data-e-type=\"section\">\n\t\t\t\t\t\t<div class=\"elementor-container elementor-column-gap-default\">\n\t\t\t\t\t<div class=\"elementor-column elementor-col-100 elementor-top-column elementor-element elementor-element-5ef8ba1\" data-id=\"5ef8ba1\" data-element_type=\"column\" data-e-type=\"column\">\n\t\t\t<div class=\"elementor-widget-wrap elementor-element-populated\">\n\t\t\t\t\t\t<div class=\"elementor-element elementor-element-2ffbe9f elementor-widget elementor-widget-wp-widget-blanquette_core_contact_form_7\" data-id=\"2ffbe9f\" data-element_type=\"widget\" data-e-type=\"widget\" data-widget_type=\"wp-widget-blanquette_core_contact_form_7.default\">\n\t\t\t\t<div class=\"elementor-widget-container\">\n\t\t\t\t\t\t\t\t<div class=\"qodef-contact-form-7\" >\n\t\t\t\t\n<div class=\"wpcf7 no-js\" id=\"wpcf7-f2589-o1\" lang=\"en-US\" dir=\"ltr\" data-wpcf7-id=\"2589\">\n<div class=\"screen-reader-response\"><p role=\"status\" aria-live=\"polite\" aria-atomic=\"true\"><\/p> <ul><\/ul><\/div>\n<form action=\"\/index.php\/wp-json\/wp\/v2\/pages\/2574#wpcf7-f2589-o1\" method=\"post\" class=\"wpcf7-form init demo\" aria-label=\"Contact form\" novalidate=\"novalidate\" data-status=\"init\">\n<fieldset class=\"hidden-fields-container\"><input type=\"hidden\" name=\"_wpcf7\" value=\"2589\" \/><input type=\"hidden\" name=\"_wpcf7_version\" value=\"6.1.5\" \/><input type=\"hidden\" name=\"_wpcf7_locale\" value=\"en_US\" \/><input type=\"hidden\" name=\"_wpcf7_unit_tag\" value=\"wpcf7-f2589-o1\" \/><input type=\"hidden\" name=\"_wpcf7_container_post\" value=\"0\" \/><input type=\"hidden\" name=\"_wpcf7_posted_data_hash\" value=\"\" \/>\n<\/fieldset>\n<div class=\"qodef-contact-form-7--two-columns qodef-contact-form-7-reservation-2\">\n\n<div class=\"qodef-grid qodef-layout--columns qodef-col-num--2 qodef-responsive--predefined\">\n\n<div class=\"qodef-grid-inner\">\n\n<div class=\"qodef-grid-item\"><span class=\"wpcf7-form-control-wrap\" data-name=\"your-name\"><input size=\"40\" maxlength=\"400\" class=\"wpcf7-form-control wpcf7-text wpcf7-validates-as-required\" aria-required=\"true\" aria-invalid=\"false\" placeholder=\"Nume complet:\" value=\"\" type=\"text\" name=\"your-name\" \/><\/span><\/div>\n\n<div class=\"qodef-grid-item\"><span class=\"wpcf7-form-control-wrap\" data-name=\"your-phone\"><input size=\"40\" maxlength=\"400\" class=\"wpcf7-form-control wpcf7-text wpcf7-validates-as-required\" aria-required=\"true\" aria-invalid=\"false\" placeholder=\"Telefon:\" value=\"\" type=\"text\" name=\"your-phone\" \/><\/span><\/div>\n\n<div class=\"qodef-grid-item\"><span class=\"wpcf7-form-control-wrap\" data-name=\"your-email\"><input size=\"40\" maxlength=\"400\" class=\"wpcf7-form-control wpcf7-email wpcf7-validates-as-required wpcf7-text wpcf7-validates-as-email\" aria-required=\"true\" aria-invalid=\"false\" placeholder=\"E-mail:\" value=\"\" type=\"email\" name=\"your-email\" \/><\/span><\/div>\n\n<div class=\"qodef-grid-item\"><span class=\"wpcf7-form-control-wrap\" data-name=\"your-date\"><input class=\"wpcf7-form-control wpcf7-date wpcf7-validates-as-required wpcf7-validates-as-date\" aria-required=\"true\" aria-invalid=\"false\" placeholder=\"Data rezerv\u0103rii:\" value=\"\" type=\"date\" name=\"your-date\" \/><\/span><\/div>\n\n<div class=\"qodef-grid-item\"><span class=\"wpcf7-form-control-wrap\" data-name=\"your-time\"><input size=\"40\" maxlength=\"400\" class=\"wpcf7-form-control wpcf7-text wpcf7-validates-as-required\" aria-required=\"true\" aria-invalid=\"false\" placeholder=\"Ora rezerv\u0103rii:\" value=\"\" type=\"text\" name=\"your-time\" \/><\/span><\/div>\n\n<div class=\"qodef-grid-item\"><span class=\"wpcf7-form-control-wrap\" data-name=\"your-seats\"><input size=\"40\" maxlength=\"400\" class=\"wpcf7-form-control wpcf7-text wpcf7-validates-as-required\" aria-required=\"true\" aria-invalid=\"false\" placeholder=\"Num\u0103r persoane:\" value=\"\" type=\"text\" name=\"your-seats\" \/><\/span><\/div>\n\nOcazie:\n<span class=\"wpcf7-form-control-wrap\" data-name=\"your-browser\"><select class=\"wpcf7-form-control wpcf7-select wpcf7-validates-as-required\" aria-required=\"true\" aria-invalid=\"false\" name=\"your-browser\"><option value=\"\">&#8212;Please choose an option&#8212;<\/option><option value=\"Cin\u0103 romantic\u0103\">Cin\u0103 romantic\u0103<\/option><option value=\"Pr\u00e2nz relaxat\">Pr\u00e2nz relaxat<\/option><option value=\"Business\">Business<\/option><option value=\"Alt\u0103 ocazie\">Alt\u0103 ocazie<\/option><\/select><\/span>\n\n<\/div>\n\n<\/div>\n\n<div>\n\n<span class=\"wpcf7-form-control-wrap\" data-name=\"your-message\"><textarea cols=\"40\" rows=\"10\" maxlength=\"2000\" class=\"wpcf7-form-control wpcf7-textarea\" aria-invalid=\"false\" placeholder=\"Mesaj:\" name=\"your-message\"><\/textarea><\/span>\n\n<\/div>\n\n\n\n<span class=\"wpcf7-form-control-wrap\" data-name=\"accept-this-1\"><span class=\"wpcf7-form-control wpcf7-acceptance\"><span class=\"wpcf7-list-item\"><label><input type=\"checkbox\" name=\"accept-this-1\" value=\"1\" aria-invalid=\"false\" \/><span class=\"wpcf7-list-item-label\">Doresc s\u0103 primesc confirmarea prin email \u0219i\/sau SMS<\/span><\/label><\/span><\/span><\/span>\n\n<div class=\"qodef-contact-form-7--button\">\n\n<button class=\"wpcf7-form-control wpcf7-submit qodef-button qodef-size--normal qodef-layout--textual qodef-html--link qodef-m\" type=\"submit\"><span class=\"qodef-m-text\">Rezerva o masa<\/span><\/button>\n\n<\/div>\n\n<\/div><div class=\"wpcf7-response-output\" aria-hidden=\"true\"><\/div>\n<\/form>\n<\/div>\n\t\t\t<\/div>\n\t\t\t\t\t\t\t<\/div>\n\t\t\t\t<\/div>\n\t\t\t\t\t<\/div>\n\t\t<\/div>\n\t\t\t\t\t<\/div>\n\t\t<\/section>\n\t\t\t\t<\/div>\n\t\t","protected":false},"excerpt":{"rendered":"<p>Rezerv\u0103 o mas\u0103 la Casa Zaraza Fiecare vizit\u0103 la Casa Zaraza este mai mult dec\u00e2t o simpl\u0103 mas\u0103 \u2013 este o c\u0103l\u0103torie \u00een timp, \u00een inima Bucure\u0219tiului interbelic, unde tradi\u021bia rom\u00e2neasc\u0103 se \u00eemplete\u0219te cu rafinamentul modern. Fie c\u0103 dore\u0219ti s\u0103 te bucuri de o cin\u0103 intim\u0103, un pr\u00e2nz relaxat sau o sear\u0103 \u00eentre prieteni, fiecare [&hellip;]<\/p>\n","protected":false},"author":1,"featured_media":0,"parent":0,"menu_order":0,"comment_status":"closed","ping_status":"closed","template":"page-full-width.php","meta":{"footnotes":""},"class_list":["post-2574","page","type-page","status-publish","hentry"],"_links":{"self":[{"href":"https:\/\/casazaraza.ro\/index.php\/wp-json\/wp\/v2\/pages\/2574","targetHints":{"allow":["GET"]}}],"collection":[{"href":"https:\/\/casazaraza.ro\/index.php\/wp-json\/wp\/v2\/pages"}],"about":[{"href":"https:\/\/casazaraza.ro\/index.php\/wp-json\/wp\/v2\/types\/page"}],"author":[{"embeddable":true,"href":"https:\/\/casazaraza.ro\/index.php\/wp-json\/wp\/v2\/users\/1"}],"replies":[{"embeddable":true,"href":"https:\/\/casazaraza.ro\/index.php\/wp-json\/wp\/v2\/comments?post=2574"}],"version-history":[{"count":4,"href":"https:\/\/casazaraza.ro\/index.php\/wp-json\/wp\/v2\/pages\/2574\/revisions"}],"predecessor-version":[{"id":9012,"href":"https:\/\/casazaraza.ro\/index.php\/wp-json\/wp\/v2\/pages\/2574\/revisions\/9012"}],"wp:attachment":[{"href":"https:\/\/casazaraza.ro\/index.php\/wp-json\/wp\/v2\/media?parent=2574"}],"curies":[{"name":"wp","href":"https:\/\/api.w.org\/{rel}","templated":true}]}}