{"id":2398,"date":"2021-09-24T10:44:59","date_gmt":"2021-09-24T10:44:59","guid":{"rendered":"https:\/\/blanquette.qodeinteractive.com\/?page_id=2398"},"modified":"2026-01-25T11:32:46","modified_gmt":"2026-01-25T11:32:46","slug":"menu","status":"publish","type":"page","link":"https:\/\/casazaraza.ro\/index.php\/menu\/","title":{"rendered":"Meniu"},"content":{"rendered":"\t\t<div data-elementor-type=\"wp-page\" data-elementor-id=\"2398\" class=\"elementor elementor-2398\">\n\t\t\t\t<div class=\"elementor-element elementor-element-4dfa6e8a elementor-hidden-desktop elementor-hidden-tablet elementor-hidden-mobile e-flex e-con-boxed qodef-elementor-content-no e-con e-parent\" data-id=\"4dfa6e8a\" data-element_type=\"container\" data-e-type=\"container\">\n\t\t\t\t\t<div class=\"e-con-inner\">\n\t\t\t\t<div class=\"elementor-element elementor-element-3d1510 elementor-widget elementor-widget-image\" data-id=\"3d1510\" data-element_type=\"widget\" data-e-type=\"widget\" data-widget_type=\"image.default\">\n\t\t\t\t\t\t\t\t\t\t\t\t\t\t\t<img fetchpriority=\"high\" decoding=\"async\" width=\"300\" height=\"300\" src=\"https:\/\/casazaraza.ro\/wp-content\/uploads\/2025\/10\/sigla_casa_zaraza_footer_300.png\" class=\"attachment-large size-large wp-image-8963\" alt=\"\" srcset=\"https:\/\/casazaraza.ro\/wp-content\/uploads\/2025\/10\/sigla_casa_zaraza_footer_300.png 300w, https:\/\/casazaraza.ro\/wp-content\/uploads\/2025\/10\/sigla_casa_zaraza_footer_300-150x150.png 150w\" sizes=\"(max-width: 300px) 100vw, 300px\" \/>\t\t\t\t\t\t\t\t\t\t\t\t\t\t\t<\/div>\n\t\t\t\t<div class=\"elementor-element elementor-element-651c6596 elementor-widget elementor-widget-text-editor\" data-id=\"651c6596\" data-element_type=\"widget\" data-e-type=\"widget\" data-widget_type=\"text-editor.default\">\n\t\t\t\t\t\t\t\t\t<p>Tradi\u021bia rom\u00e2neasc\u0103, spus\u0103 cu farmecul Bucure\u0219tiului de alt\u0103dat\u0103<\/p>\t\t\t\t\t\t\t\t<\/div>\n\t\t\t\t\t<\/div>\n\t\t\t\t<\/div>\n\t\t\t\t<section class=\"elementor-section elementor-top-section elementor-element elementor-element-4c65b4b elementor-section-full_width qodef-elementor-content-grid elementor-section-height-default elementor-section-height-default\" data-id=\"4c65b4b\" data-element_type=\"section\" data-e-type=\"section\" data-settings=\"{&quot;background_background&quot;:&quot;classic&quot;}\">\n\t\t\t\t\t\t<div class=\"elementor-container elementor-column-gap-default\">\n\t\t\t\t\t<div class=\"elementor-column elementor-col-33 elementor-top-column elementor-element elementor-element-9ec72cc\" data-id=\"9ec72cc\" data-element_type=\"column\" data-e-type=\"column\">\n\t\t\t<div class=\"elementor-widget-wrap elementor-element-populated\">\n\t\t\t\t\t\t<div class=\"elementor-element elementor-element-6b74857 elementor-widget elementor-widget-blanquette_core_clip_path_image\" data-id=\"6b74857\" data-element_type=\"widget\" data-e-type=\"widget\" data-widget_type=\"blanquette_core_clip_path_image.default\">\n\t\t\t\t<div class=\"elementor-widget-container\">\n\t\t\t\t\t<div class=\"qodef-shortcode qodef-m qodef-clip-path-image qodef-has-appear\" data-viewport-offset=\"0.4\">\n\t\t<div class=\"qodef-m-image-main\">\n\t\t<img decoding=\"async\" width=\"1226\" height=\"1920\" src=\"https:\/\/casazaraza.ro\/wp-content\/uploads\/2025\/11\/casa_zaraza_13.jpg\" class=\"attachment-full size-full\" alt=\"\" srcset=\"https:\/\/casazaraza.ro\/wp-content\/uploads\/2025\/11\/casa_zaraza_13.jpg 1226w, https:\/\/casazaraza.ro\/wp-content\/uploads\/2025\/11\/casa_zaraza_13-192x300.jpg 192w, https:\/\/casazaraza.ro\/wp-content\/uploads\/2025\/11\/casa_zaraza_13-654x1024.jpg 654w, https:\/\/casazaraza.ro\/wp-content\/uploads\/2025\/11\/casa_zaraza_13-768x1203.jpg 768w, https:\/\/casazaraza.ro\/wp-content\/uploads\/2025\/11\/casa_zaraza_13-981x1536.jpg 981w\" sizes=\"(max-width: 1226px) 100vw, 1226px\" \/>\t\t<svg class=\"qodef-svg--outline\" xmlns=\"http:\/\/www.w3.org\/2000\/svg\"\r\n     xmlns:xlink=\"http:\/\/www.w3.org\/1999\/xlink\" x=\"0px\" y=\"0px\"\r\n     viewBox=\"0 0 410 572\" style=\"enable-background:new 0 0 410 572;\" xml:space=\"preserve\"><g><path d=\"M205,1C92.3,1,1,99.8,1,221.6c0,2.2,0,4.4,0.1,6.6H1V571h204\"\/><path d=\"M205,1c112.7,0,204,98.8,204,220.6c0,2.2,0,4.4-0.1,6.6h0.1V571H205\"\/><\/g><\/svg>\t<\/div>\n\t\t<div class=\"qodef-m-image-aux\" >\n\t\t<img decoding=\"async\" width=\"100\" height=\"100\" src=\"https:\/\/casazaraza.ro\/wp-content\/uploads\/2025\/10\/sigla_casa_zaraza_lady_100.png\" class=\"attachment-full size-full\" alt=\"\" \/>\t<\/div>\n<\/div>\n\t\t\t\t<\/div>\n\t\t\t\t<\/div>\n\t\t\t\t\t<\/div>\n\t\t<\/div>\n\t\t\t\t<div class=\"elementor-column elementor-col-66 elementor-top-column elementor-element elementor-element-15ffadc\" data-id=\"15ffadc\" data-element_type=\"column\" data-e-type=\"column\">\n\t\t\t<div class=\"elementor-widget-wrap elementor-element-populated\">\n\t\t\t\t\t\t<section class=\"elementor-section elementor-inner-section elementor-element elementor-element-4724147 elementor-section-full_width elementor-section-height-default elementor-section-height-default qodef-elementor-content-no\" data-id=\"4724147\" data-element_type=\"section\" data-e-type=\"section\">\n\t\t\t\t\t\t<div class=\"elementor-container elementor-column-gap-default\">\n\t\t\t\t\t<div class=\"elementor-column elementor-col-100 elementor-inner-column elementor-element elementor-element-7390ba4\" data-id=\"7390ba4\" data-element_type=\"column\" data-e-type=\"column\">\n\t\t\t<div class=\"elementor-widget-wrap elementor-element-populated\">\n\t\t\t\t\t\t<div class=\"elementor-element elementor-element-1d00913 elementor-widget elementor-widget-blanquette_core_section_title\" data-id=\"1d00913\" data-element_type=\"widget\" data-e-type=\"widget\" data-widget_type=\"blanquette_core_section_title.default\">\n\t\t\t\t<div class=\"elementor-widget-container\">\n\t\t\t\t\t<div class=\"qodef-shortcode qodef-m qodef-section-title qodef-alignment--center\">\n\t\t<h6 class=\"qodef-m-subtitle\" >Tradi\u021bie rom\u00e2neasc\u0103 cu gusturi din lume<\/h6>\r\n\t\t<h2 class=\"qodef-m-title\" >\n\t\t\t\t\tCasa Zaraza\t\t\t<\/h2>\n\t\t<p class=\"qodef-m-section-text\" style=\"margin-top: 20px\">La Casa Zaraza, fiecare preparat spune o poveste. Pornim de la re\u021betele autentice rom\u00e2ne\u0219ti \u0219i le reinterpret\u0103m cu influen\u021be mediteraneene, orientale \u0219i europene. Fiecare farfurie este o experien\u021b\u0103 \u2013 un echilibru perfect \u00eentre tradi\u021bie \u0219i rafinament modern.<\/p>\n\t<\/div>\n\t\t\t\t<\/div>\n\t\t\t\t<\/div>\n\t\t\t\t\t<\/div>\n\t\t<\/div>\n\t\t\t\t\t<\/div>\n\t\t<\/section>\n\t\t\t\t\t<\/div>\n\t\t<\/div>\n\t\t\t\t\t<\/div>\n\t\t<\/section>\n\t\t<div class=\"elementor-element elementor-element-266a43d9 e-flex e-con-boxed qodef-elementor-content-no e-con e-parent\" data-id=\"266a43d9\" data-element_type=\"container\" data-e-type=\"container\">\n\t\t\t\t\t<div class=\"e-con-inner\">\n\t\t<div class=\"elementor-element elementor-element-5eb4ee9a e-con-full e-flex qodef-elementor-content-no e-con e-child\" data-id=\"5eb4ee9a\" data-element_type=\"container\" data-e-type=\"container\">\n\t\t\t\t<div class=\"elementor-element elementor-element-332792b6 elementor-align-center elementor-widget elementor-widget-button\" data-id=\"332792b6\" data-element_type=\"widget\" data-e-type=\"widget\" data-widget_type=\"button.default\">\n\t\t\t\t\t\t\t\t\t\t<a class=\"elementor-button elementor-button-link elementor-size-sm\" href=\"tel:+40737021215\" target=\"_blank\">\n\t\t\t\t\t\t<span class=\"elementor-button-content-wrapper\">\n\t\t\t\t\t\t\t\t\t<span class=\"elementor-button-text\">Sun\u0103 acum<\/span>\n\t\t\t\t\t<\/span>\n\t\t\t\t\t<\/a>\n\t\t\t\t\t\t\t\t<\/div>\n\t\t\t\t<\/div>\n\t\t<div class=\"elementor-element elementor-element-3654901 e-con-full e-flex qodef-elementor-content-no e-con e-child\" data-id=\"3654901\" data-element_type=\"container\" data-e-type=\"container\">\n\t\t\t\t<div class=\"elementor-element elementor-element-e3a33a7 elementor-align-center elementor-widget elementor-widget-button\" data-id=\"e3a33a7\" data-element_type=\"widget\" data-e-type=\"widget\" data-widget_type=\"button.default\">\n\t\t\t\t\t\t\t\t\t\t<a class=\"elementor-button elementor-button-link elementor-size-sm\" href=\"https:\/\/ialoc.ro\/restaurante-bucuresti\/casa-zaraza-rezervari-4502\/?venueId=4502&#038;bookNow=true&#038;locale=ro\" target=\"_blank\">\n\t\t\t\t\t\t<span class=\"elementor-button-content-wrapper\">\n\t\t\t\t\t\t\t\t\t<span class=\"elementor-button-text\">Rezerv\u0103 o mas\u0103<\/span>\n\t\t\t\t\t<\/span>\n\t\t\t\t\t<\/a>\n\t\t\t\t\t\t\t\t<\/div>\n\t\t\t\t<div class=\"elementor-element elementor-element-19b0c367 elementor-align-center elementor-hidden-desktop elementor-hidden-tablet elementor-hidden-mobile elementor-widget elementor-widget-button\" data-id=\"19b0c367\" data-element_type=\"widget\" data-e-type=\"widget\" data-widget_type=\"button.default\">\n\t\t\t\t\t\t\t\t\t\t<a class=\"elementor-button elementor-button-link elementor-size-sm\" href=\"https:\/\/casazaraza.ro\/index.php\/rezerva-o-masa\/\" target=\"_blank\">\n\t\t\t\t\t\t<span class=\"elementor-button-content-wrapper\">\n\t\t\t\t\t\t\t\t\t<span class=\"elementor-button-text\">Rezerv\u0103 o mas\u0103<\/span>\n\t\t\t\t\t<\/span>\n\t\t\t\t\t<\/a>\n\t\t\t\t\t\t\t\t<\/div>\n\t\t\t\t<\/div>\n\t\t\t\t\t<\/div>\n\t\t\t\t<\/div>\n\t\t<div class=\"elementor-element elementor-element-491642da e-flex e-con-boxed qodef-elementor-content-no e-con e-parent\" data-id=\"491642da\" data-element_type=\"container\" data-e-type=\"container\">\n\t\t\t\t\t<div class=\"e-con-inner\">\n\t\t<div class=\"elementor-element elementor-element-3dbe4c39 e-con-full e-flex qodef-elementor-content-no e-con e-child\" data-id=\"3dbe4c39\" data-element_type=\"container\" data-e-type=\"container\">\n\t\t\t\t<div class=\"elementor-element elementor-element-3c454ed8 elementor-align-center elementor-widget elementor-widget-button\" data-id=\"3c454ed8\" data-element_type=\"widget\" data-e-type=\"widget\" data-widget_type=\"button.default\">\n\t\t\t\t\t\t\t\t\t\t<a class=\"elementor-button elementor-button-link elementor-size-sm\" href=\"https:\/\/casazaraza.ro\/wp-content\/uploads\/2025\/11\/meniu-mancare.pdf\" target=\"_blank\">\n\t\t\t\t\t\t<span class=\"elementor-button-content-wrapper\">\n\t\t\t\t\t\t\t\t\t<span class=\"elementor-button-text\">Vezi meniul de m\u00e2ncare<\/span>\n\t\t\t\t\t<\/span>\n\t\t\t\t\t<\/a>\n\t\t\t\t\t\t\t\t<\/div>\n\t\t\t\t<\/div>\n\t\t<div class=\"elementor-element elementor-element-93671f5 e-con-full e-flex qodef-elementor-content-no e-con e-child\" data-id=\"93671f5\" data-element_type=\"container\" data-e-type=\"container\">\n\t\t\t\t<div class=\"elementor-element elementor-element-5c24e3af elementor-align-center elementor-widget elementor-widget-button\" data-id=\"5c24e3af\" data-element_type=\"widget\" data-e-type=\"widget\" data-widget_type=\"button.default\">\n\t\t\t\t\t\t\t\t\t\t<a class=\"elementor-button elementor-button-link elementor-size-sm\" href=\"https:\/\/casazaraza.ro\/wp-content\/uploads\/2025\/11\/meniu-bauturi.pdf\" target=\"_blank\">\n\t\t\t\t\t\t<span class=\"elementor-button-content-wrapper\">\n\t\t\t\t\t\t\t\t\t<span class=\"elementor-button-text\">Vezi meniul de b\u0103uturi<\/span>\n\t\t\t\t\t<\/span>\n\t\t\t\t\t<\/a>\n\t\t\t\t\t\t\t\t<\/div>\n\t\t\t\t<\/div>\n\t\t<div class=\"elementor-element elementor-element-5411d683 e-con-full elementor-hidden-desktop elementor-hidden-tablet elementor-hidden-mobile e-flex qodef-elementor-content-no e-con e-child\" data-id=\"5411d683\" data-element_type=\"container\" data-e-type=\"container\">\n\t\t\t\t<\/div>\n\t\t\t\t\t<\/div>\n\t\t\t\t<\/div>\n\t\t\t\t<\/div>\n\t\t","protected":false},"excerpt":{"rendered":"<p>Tradi\u021bia rom\u00e2neasc\u0103, spus\u0103 cu farmecul Bucure\u0219tiului de alt\u0103dat\u0103 Tradi\u021bie rom\u00e2neasc\u0103 cu gusturi din lume Casa Zaraza La Casa Zaraza, fiecare preparat spune o poveste. Pornim de la re\u021betele autentice rom\u00e2ne\u0219ti \u0219i le reinterpret\u0103m cu influen\u021be mediteraneene, orientale \u0219i europene. Fiecare farfurie este o experien\u021b\u0103 \u2013 un echilibru perfect \u00eentre tradi\u021bie \u0219i rafinament modern. Sun\u0103 acum [&hellip;]<\/p>\n","protected":false},"author":1,"featured_media":0,"parent":0,"menu_order":0,"comment_status":"closed","ping_status":"closed","template":"page-full-width.php","meta":{"footnotes":""},"class_list":["post-2398","page","type-page","status-publish","hentry"],"_links":{"self":[{"href":"https:\/\/casazaraza.ro\/index.php\/wp-json\/wp\/v2\/pages\/2398","targetHints":{"allow":["GET"]}}],"collection":[{"href":"https:\/\/casazaraza.ro\/index.php\/wp-json\/wp\/v2\/pages"}],"about":[{"href":"https:\/\/casazaraza.ro\/index.php\/wp-json\/wp\/v2\/types\/page"}],"author":[{"embeddable":true,"href":"https:\/\/casazaraza.ro\/index.php\/wp-json\/wp\/v2\/users\/1"}],"replies":[{"embeddable":true,"href":"https:\/\/casazaraza.ro\/index.php\/wp-json\/wp\/v2\/comments?post=2398"}],"version-history":[{"count":32,"href":"https:\/\/casazaraza.ro\/index.php\/wp-json\/wp\/v2\/pages\/2398\/revisions"}],"predecessor-version":[{"id":9298,"href":"https:\/\/casazaraza.ro\/index.php\/wp-json\/wp\/v2\/pages\/2398\/revisions\/9298"}],"wp:attachment":[{"href":"https:\/\/casazaraza.ro\/index.php\/wp-json\/wp\/v2\/media?parent=2398"}],"curies":[{"name":"wp","href":"https:\/\/api.w.org\/{rel}","templated":true}]}}